{"id":29416,"date":"2020-11-06T12:15:02","date_gmt":"2020-11-06T11:15:02","guid":{"rendered":"https:\/\/www.bps-swiss.ch\/relocation-service-for-companies\/"},"modified":"2020-11-17T15:16:26","modified_gmt":"2020-11-17T14:16:26","slug":"service-relocation-pour-entreprises","status":"publish","type":"page","link":"https:\/\/www.bps-swiss.ch\/fr\/service-relocation-pour-entreprises\/","title":{"rendered":"Service de relocation pour les entreprises"},"content":{"rendered":"<p>Nous vous proposons notamment les services suivants\u00a0:<\/p>\n<ul>\n<li>Ex\u00e9cution d&rsquo;une\u00a0\u00e9tude afin de d\u00e9terminer dans quel canton il convient de <strong>se domicilier<\/strong>, en se basant notamment sur des crit\u00e8res tels qu&rsquo;une\u00a0<strong>fiscalit\u00e9\u00a0attractive<\/strong>, la disponibilit\u00e9 de bureaux\u00a0et\/ou de logements, etc.<\/li>\n<li>R\u00e9alisation des d\u00e9marches administratives en vue de l&rsquo;obtention\u00a0de\u00a0<strong>permis de s\u00e9jour<\/strong> en Suisse.<\/li>\n<li>Nous proc\u00e9dons aux clarifications aupr\u00e8s des autorit\u00e9s locales et mettons \u00e0 disposition notre r\u00e9seau d&rsquo;<strong>agents\u00a0immobiliers<\/strong> et d<strong>\u2019avocats <\/strong>en cas de besoin.<\/li>\n<\/ul>\n","protected":false},"excerpt":{"rendered":"<p>Nous vous proposons notamment les services suivants\u00a0: Ex\u00e9cution d&rsquo;une\u00a0\u00e9tude afin de d\u00e9terminer dans quel canton il convient de se domicilier, en se basant notamment sur des crit\u00e8res tels qu&rsquo;une\u00a0fiscalit\u00e9\u00a0attractive, la disponibilit\u00e9 de bureaux\u00a0et\/ou de logements, etc. R\u00e9alisation des d\u00e9marches administratives en vue de l&rsquo;obtention\u00a0de\u00a0permis de s\u00e9jour en Suisse. Nous proc\u00e9dons aux clarifications aupr\u00e8s des autorit\u00e9s [&hellip;]<\/p>\n","protected":false},"author":1,"featured_media":29419,"parent":0,"menu_order":0,"comment_status":"closed","ping_status":"closed","template":"","meta":{"_acf_changed":false,"footnotes":""},"class_list":["post-29416","page","type-page","status-publish","has-post-thumbnail","hentry"],"acf":[],"_links":{"self":[{"href":"https:\/\/www.bps-swiss.ch\/fr\/wp-json\/wp\/v2\/pages\/29416"}],"collection":[{"href":"https:\/\/www.bps-swiss.ch\/fr\/wp-json\/wp\/v2\/pages"}],"about":[{"href":"https:\/\/www.bps-swiss.ch\/fr\/wp-json\/wp\/v2\/types\/page"}],"author":[{"embeddable":true,"href":"https:\/\/www.bps-swiss.ch\/fr\/wp-json\/wp\/v2\/users\/1"}],"replies":[{"embeddable":true,"href":"https:\/\/www.bps-swiss.ch\/fr\/wp-json\/wp\/v2\/comments?post=29416"}],"version-history":[{"count":6,"href":"https:\/\/www.bps-swiss.ch\/fr\/wp-json\/wp\/v2\/pages\/29416\/revisions"}],"predecessor-version":[{"id":29471,"href":"https:\/\/www.bps-swiss.ch\/fr\/wp-json\/wp\/v2\/pages\/29416\/revisions\/29471"}],"wp:featuredmedia":[{"embeddable":true,"href":"https:\/\/www.bps-swiss.ch\/fr\/wp-json\/wp\/v2\/media\/29419"}],"wp:attachment":[{"href":"https:\/\/www.bps-swiss.ch\/fr\/wp-json\/wp\/v2\/media?parent=29416"}],"curies":[{"name":"wp","href":"https:\/\/api.w.org\/{rel}","templated":true}]}}