{"id":29333,"date":"2020-08-24T18:12:01","date_gmt":"2020-08-24T16:12:01","guid":{"rendered":"https:\/\/www.bps-swiss.ch\/legal-notice\/"},"modified":"2022-07-20T14:05:14","modified_gmt":"2022-07-20T12:05:14","slug":"mentions-legales","status":"publish","type":"page","link":"https:\/\/www.bps-swiss.ch\/fr\/mentions-legales\/","title":{"rendered":"Mentions l\u00e9gales"},"content":{"rendered":"<h2>Mentions l\u00e9gales Business &amp; Private Solutions (Switzerland) SA<\/h2>\n<p>Merci de lire avec attention les diff\u00e9rentes modalit\u00e9s d\u2019utilisation du pr\u00e9sent site avant d\u2019y parcourir ses pages. En vous connectant sur ce site, vous acceptez sans r\u00e9serve les pr\u00e9sentes modalit\u00e9s.<\/p>\n<p style=\"color: #b51a00;\"><span style=\"color: #000000;\"><b>Editeur du Site : <\/b><\/span><\/p>\n<p>Business &amp; Private Solutions (Switzerland) SA<br \/>\nNum\u00e9ro de SIRET : CH-660.2.562.020-7<br \/>\nResponsable \u00e9ditorial : Serge Martin<br \/>\nRue de Chantepoulet 10, 1201 Gen\u00e8ve, Suisse<br \/>\nT\u00e9l\u00e9phone :+41 22 361 88 00<br \/>\nEmail : info@www.bps-swiss.ch<br \/>\nSite Web :\u00a0<a href=\"https:\/\/www.bps-swiss.ch\/\">https:\/\/www.bps-swiss.ch\/<\/a><\/p>\n<p style=\"color: #b51a00;\"><b><span style=\"color: #000000;\">H\u00e9bergement :<\/span> <\/b><\/p>\n<p>H\u00e9bergeur : Infomaniak Network SA<br \/>\nRue Eug\u00e8ne-Marziano 25, 1227 Gen\u00e8ve, Suisse<br \/>\nSite Web :\u00a0<a href=\"https:\/\/www.infomaniak.com\/\">https:\/\/www.infomaniak.com<\/a><\/p>\n<p style=\"color: #b51a00;\"><span style=\"color: #000000;\"><b>D\u00e9veloppement<\/b><b> : <\/b><\/span><\/p>\n<p><strong><a href=\"https:\/\/www.simplydesign.ch\" target=\"_blank\" rel=\"noopener noreferrer\">Agence Simply Design<\/a><\/strong><br \/>\nAdresse : Chemin de Concava 28, 1231 Conches, Gen\u00e8ve, Suisse<br \/>\nSite Web : <a href=\"https:\/\/www.simplydesign.ch\/\" target=\"_blank\" rel=\"noopener noreferrer\">https:\/\/www.simplydesign.ch\/<\/a><\/p>\n<p><b>Cr\u00e9dits photos : <\/b><\/p>\n<p>Unplash : www.unsplash.com<\/p>\n<p style=\"color: #b51a00;\"><span style=\"color: #000000;\"><b>Propri\u00e9t\u00e9 intellectuelle :<\/b><\/span><\/p>\n<p>Tout le contenu du pr\u00e9sent sur le site\u00a0<a href=\"https:\/\/www.bps-swiss.ch\/\">https:\/\/www.bps-swiss.ch\/<\/a>, incluant, de fa\u00e7on non limitative, les graphismes, images, textes, vid\u00e9os, animations, sons, logos, gifs et ic\u00f4nes ainsi que leur mise en forme sont la propri\u00e9t\u00e9 exclusive de la soci\u00e9t\u00e9 \u00e0 l\u2019exception des marques, logos ou contenus appartenant \u00e0 d\u2019autres soci\u00e9t\u00e9s partenaires ou auteurs.<\/p>\n<p>Toute reproduction, distribution, modification, adaptation, retransmission ou publication, m\u00eame partielle, de ces diff\u00e9rents \u00e9l\u00e9ments est strictement interdite sans l\u2019accord expr\u00e8s par \u00e9crit de Business &amp; Private Solutions (Switzerland) SA. Cette repr\u00e9sentation ou reproduction, par quelque proc\u00e9d\u00e9 que ce soit, constitue une contrefa\u00e7on. Le non-respect de cette interdiction constitue une contrefa\u00e7on pouvant engager la responsabilit\u00e9 civile et p\u00e9nale du contrefacteur. En outre, les propri\u00e9taires des Contenus copi\u00e9s pourraient intenter une action en justice \u00e0 votre encontre.<\/p>\n","protected":false},"excerpt":{"rendered":"<p>Mentions l\u00e9gales Business &amp; Private Solutions (Switzerland) SA Merci de lire avec attention les diff\u00e9rentes modalit\u00e9s d\u2019utilisation du pr\u00e9sent site avant d\u2019y parcourir ses pages. En vous connectant sur ce site, vous acceptez sans r\u00e9serve les pr\u00e9sentes modalit\u00e9s. Editeur du Site : Business &amp; Private Solutions (Switzerland) SA Num\u00e9ro de SIRET : CH-660.2.562.020-7 Responsable \u00e9ditorial [&hellip;]<\/p>\n","protected":false},"author":1,"featured_media":29345,"parent":0,"menu_order":0,"comment_status":"closed","ping_status":"closed","template":"page-full.php","meta":{"_acf_changed":false,"footnotes":""},"class_list":["post-29333","page","type-page","status-publish","has-post-thumbnail","hentry"],"acf":[],"_links":{"self":[{"href":"https:\/\/www.bps-swiss.ch\/fr\/wp-json\/wp\/v2\/pages\/29333"}],"collection":[{"href":"https:\/\/www.bps-swiss.ch\/fr\/wp-json\/wp\/v2\/pages"}],"about":[{"href":"https:\/\/www.bps-swiss.ch\/fr\/wp-json\/wp\/v2\/types\/page"}],"author":[{"embeddable":true,"href":"https:\/\/www.bps-swiss.ch\/fr\/wp-json\/wp\/v2\/users\/1"}],"replies":[{"embeddable":true,"href":"https:\/\/www.bps-swiss.ch\/fr\/wp-json\/wp\/v2\/comments?post=29333"}],"version-history":[{"count":17,"href":"https:\/\/www.bps-swiss.ch\/fr\/wp-json\/wp\/v2\/pages\/29333\/revisions"}],"predecessor-version":[{"id":29486,"href":"https:\/\/www.bps-swiss.ch\/fr\/wp-json\/wp\/v2\/pages\/29333\/revisions\/29486"}],"wp:featuredmedia":[{"embeddable":true,"href":"https:\/\/www.bps-swiss.ch\/fr\/wp-json\/wp\/v2\/media\/29345"}],"wp:attachment":[{"href":"https:\/\/www.bps-swiss.ch\/fr\/wp-json\/wp\/v2\/media?parent=29333"}],"curies":[{"name":"wp","href":"https:\/\/api.w.org\/{rel}","templated":true}]}}