{"id":28902,"date":"2020-08-24T18:12:31","date_gmt":"2020-08-24T16:12:31","guid":{"rendered":"https:\/\/www.bps-swiss.ch\/privacy-policy\/"},"modified":"2020-09-17T02:52:40","modified_gmt":"2020-09-17T00:52:40","slug":"politique-de-confidentialite","status":"publish","type":"page","link":"https:\/\/www.bps-swiss.ch\/fr\/politique-de-confidentialite\/","title":{"rendered":"Politique de confidentialit\u00e9"},"content":{"rendered":"<h2>Politique de confidentialit\u00e9 pour\u00a0<a href=\"https:\/\/www.bps-swiss.ch\/\">www.bps-swiss.ch<\/a><\/h2>\n<p>Pour\u00a0<a href=\"https:\/\/www.bps-swiss.ch\/\">www.bps-swiss.ch<\/a>, accessible depuis\u00a0<a href=\"https:\/\/www.bps-swiss.ch\/\">https:\/\/www.bps-swiss.ch<\/a>,\u00a0 l&rsquo;une de nos principales priorit\u00e9s est la confidentialit\u00e9 de nos visiteurs. Ce document de politique de confidentialit\u00e9 contient des types d&rsquo;informations qui sont collect\u00e9es et enregistr\u00e9es par\u00a0<a href=\"https:\/\/www.bps-swiss.ch\/\">www.bps-swiss.ch<\/a>\u00a0ainsi que comment nous l&rsquo;utilisons.<\/p>\n<p>Si vous avez des questions suppl\u00e9mentaires ou avez besoin de plus d&rsquo;informations sur notre politique de confidentialit\u00e9, n&rsquo;h\u00e9sitez pas \u00e0 nous contacter.<\/p>\n<h2>Fichiers journaux<\/h2>\n<p><a href=\"https:\/\/www.bps-swiss.ch\/\">www.bps-swiss.ch<\/a>\u00a0suit une proc\u00e9dure standard d&rsquo;utilisation des fichiers journaux. Ces fichiers enregistrent les visiteurs lorsqu&rsquo;ils visitent des sites web. Toutes les soci\u00e9t\u00e9s d&rsquo;h\u00e9bergement font cela et cela fait parties de l&rsquo;analyse des services d&rsquo;h\u00e9bergement. Les informations collect\u00e9es par les fichiers journaux comprennent les adresses de protocole internet (IP), le type de navigateur, le fournisseur d&rsquo;acc\u00e8s Internet (ISP), la date et l&rsquo;heure, les pages de renvoi \/sortie et \u00e9ventuellement le nombre de clics.\u00a0\u00a0Ceux-ci ne sont li\u00e9s \u00e0 aucune information personnellement identifiable.<\/p>\n<p>Le but de ces informations est d&rsquo;analyser les tendances, d&rsquo;administrer le site, de suivre les mouvements des utilisateurs sur le site Web et de recueillir des informations d\u00e9mographiques.<\/p>\n<h2>Cookies<\/h2>\n<p>Comme tout autre site web,\u00a0<a href=\"https:\/\/www.bps-swiss.ch\/\">www.bps-swiss.ch<\/a>\u00a0utilise des \u2018cookies\u2019. Ces cookies sont utilis\u00e9s pour stocker des informations\u00a0tels que les pr\u00e9f\u00e9rences des visiteurs, ainsi que les pages du site web que le visiteur a pu acc\u00e9der ou visit\u00e9. Cette information est utilis\u00e9e pour optimiser l&rsquo;exp\u00e9rience de l&rsquo;utilisateur en personnalisant le contenu de notre page Web en fonction du type de navigateur des visiteurs et \/ ou d&rsquo;autres informations.<\/p>\n<p>Pour plus d&rsquo;informations g\u00e9n\u00e9rales sur les cookies, veuillez lire l&rsquo;article \u201cWhat Are Cookies\u201d sur le\u00a0<a href=\"https:\/\/www.cookieconsent.com\/what-are-cookies\/\" target=\"_blank\" rel=\"noopener noreferrer\">Cookie Consent website<\/a>.<\/p>\n<h2>Politiques de confidentialit\u00e9<\/h2>\n<p>Vous pouvez consulter cette liste pour trouver la politique de confidentialit\u00e9 de chacun des partenaires publicitaires de\u00a0<a href=\"https:\/\/www.bps-swiss.ch\/\">www.bps-swiss.ch<\/a>.<\/p>\n<p>Les serveurs publicitaires ou r\u00e9seaux publicitaires tiers utilisent des technologies telles que cookies, JavaScript, ou Balises Web qui sont utilis\u00e9es dans leurs publicit\u00e9s et liens respectifs qui apparaissent sur\u00a0<a href=\"https:\/\/www.bps-swiss.ch\/\">www.bps-swiss.ch<\/a>, qui sont directement envoy\u00e9s au navigateur de l&rsquo;utilisateur. Ils re\u00e7oivent automatiquement votre adresse IP lorsque cela se produit. Ces technologies\u00a0sont utilis\u00e9es pour mesurer l&rsquo;efficacit\u00e9 de leur campagnes de publicit\u00e9 et \/ ou pour personnaliser le contenu publicitaire visible sur les sites Web visit\u00e9s.<\/p>\n<p>Notez que\u00a0<a href=\"https:\/\/www.bps-swiss.ch\/\">www.bps-swiss.ch<\/a>\u00a0n&rsquo;a aucun acc\u00e8s ou controle sur les cookies\u00a0utilis\u00e9s par des annonceurs tiers.<\/p>\n<h2>Politiques de confidentialit\u00e9 des Tiers<\/h2>\n<p>La politique de confidentialit\u00e9 de\u00a0<a href=\"https:\/\/www.bps-swiss.ch\/\">www.bps-swiss.ch<\/a>\u00a0ne s&rsquo;applique pour les autres annonceurs ou sites Web. Ainsi, nous vous conseillons de consulter les politiques de confidentialit\u00e9 respectives\u00a0de ces serveurs publicitaires tiers pour des informations plus d\u00e9taill\u00e9es. Il peut inclure leurs pratiques et des instructions sur la fa\u00e7on de refuser certaines options.<\/p>\n<p>Vous pouvez choisir de d\u00e9sactiver les cookies via les options de votre navigateur individuel. Pour obtenir des informations plus d\u00e9taill\u00e9es sur la gestion des cookies avec des navigateurs Web sp\u00e9cifiques, vous pouvez les trouver sur les sites Web respectifs des navigateurs.\u00a0Que sont les Cookies?<\/p>\n<p>Information concernant les enfants<\/p>\n<p>Une autre partie de notre priorit\u00e9 est de prot\u00e9ger les enfants lorsqu&rsquo;ils utilisent internet. Nous encourageons les parents et les tuteurs \u00e0 observer, participer et \/ ou surveiller et guider leur activit\u00e9 en ligne.<\/p>\n<p><a href=\"https:\/\/www.bps-swiss.ch\/\">www.bps-swiss.ch<\/a>\u00a0ne recueille sciemment aucune information personnelle identifiable d&rsquo;enfants de moins de 13 ans. If you think that your child provided this kind of information on our website, we strongly encourage you to contact us immediately and we will do our best efforts to promptly remove such information from our records. Si vous pensez que votre enfant a fourni ce type d&rsquo;information sur notre site Web, nous vous encourageons vivement \u00e0 nous contacter imm\u00e9diatement et nous ferons de notre mieux pour supprimer rapidement ces informations de nos dossiers.<\/p>\n<h2>Politique de confidentialit\u00e9 en ligne uniquement<\/h2>\n<p>Cette politique de confidentialit\u00e9 s&rsquo;applique uniquement \u00e0 nos activit\u00e9s en ligne et est valable pour les visiteurs de notre site Web en ce qui concerne les informations qu&rsquo;ils ont partag\u00e9es et \/ ou collect\u00e9es sur\u00a0<a href=\"https:\/\/www.bps-swiss.ch\/\">www.bps-swiss.ch<\/a>. Cette politique ne s&rsquo;applique \u00e0 aucune information collect\u00e9e hors ligne ou via des canaux autres que ce site Web.<\/p>\n<h2>Consentement<\/h2>\n<p>En utilisant notre site Web, vous consentez par la pr\u00e9sente \u00e0 notre politique de confidentialit\u00e9 et acceptez ses termes et conditions.<\/p>\n","protected":false},"excerpt":{"rendered":"<p>Politique de confidentialit\u00e9 pour\u00a0www.bps-swiss.ch Pour\u00a0www.bps-swiss.ch, accessible depuis\u00a0https:\/\/www.bps-swiss.ch,\u00a0 l&rsquo;une de nos principales priorit\u00e9s est la confidentialit\u00e9 de nos visiteurs. Ce document de politique de confidentialit\u00e9 contient des types d&rsquo;informations qui sont collect\u00e9es et enregistr\u00e9es par\u00a0www.bps-swiss.ch\u00a0ainsi que comment nous l&rsquo;utilisons. Si vous avez des questions suppl\u00e9mentaires ou avez besoin de plus d&rsquo;informations sur notre politique de confidentialit\u00e9, [&hellip;]<\/p>\n","protected":false},"author":1,"featured_media":29345,"parent":0,"menu_order":0,"comment_status":"closed","ping_status":"closed","template":"page-full.php","meta":{"_acf_changed":false,"footnotes":""},"class_list":["post-28902","page","type-page","status-publish","has-post-thumbnail","hentry"],"acf":[],"_links":{"self":[{"href":"https:\/\/www.bps-swiss.ch\/fr\/wp-json\/wp\/v2\/pages\/28902"}],"collection":[{"href":"https:\/\/www.bps-swiss.ch\/fr\/wp-json\/wp\/v2\/pages"}],"about":[{"href":"https:\/\/www.bps-swiss.ch\/fr\/wp-json\/wp\/v2\/types\/page"}],"author":[{"embeddable":true,"href":"https:\/\/www.bps-swiss.ch\/fr\/wp-json\/wp\/v2\/users\/1"}],"replies":[{"embeddable":true,"href":"https:\/\/www.bps-swiss.ch\/fr\/wp-json\/wp\/v2\/comments?post=28902"}],"version-history":[{"count":10,"href":"https:\/\/www.bps-swiss.ch\/fr\/wp-json\/wp\/v2\/pages\/28902\/revisions"}],"predecessor-version":[{"id":29394,"href":"https:\/\/www.bps-swiss.ch\/fr\/wp-json\/wp\/v2\/pages\/28902\/revisions\/29394"}],"wp:featuredmedia":[{"embeddable":true,"href":"https:\/\/www.bps-swiss.ch\/fr\/wp-json\/wp\/v2\/media\/29345"}],"wp:attachment":[{"href":"https:\/\/www.bps-swiss.ch\/fr\/wp-json\/wp\/v2\/media?parent=28902"}],"curies":[{"name":"wp","href":"https:\/\/api.w.org\/{rel}","templated":true}]}}